{"id":1626,"date":"2025-06-13T12:05:40","date_gmt":"2025-06-13T15:05:40","guid":{"rendered":"https:\/\/larioja.edu.ar\/?page_id=1626"},"modified":"2025-06-23T12:43:09","modified_gmt":"2025-06-23T15:43:09","slug":"docentes","status":"publish","type":"page","link":"https:\/\/larioja.edu.ar\/index.php\/docentes\/","title":{"rendered":"Docentes"},"content":{"rendered":"\t\t<div data-elementor-type=\"wp-page\" data-elementor-id=\"1626\" class=\"elementor elementor-1626\" data-elementor-post-type=\"page\">\n\t\t\t\t<div class=\"elementor-element elementor-element-67b5bfc6 e-flex e-con-boxed e-con e-parent\" data-id=\"67b5bfc6\" data-element_type=\"container\" data-e-type=\"container\">\n\t\t\t\t\t<div class=\"e-con-inner\">\n\t\t\t\t<div class=\"elementor-element elementor-element-b9efed3 elementor-widget elementor-widget-spacer\" data-id=\"b9efed3\" data-element_type=\"widget\" data-e-type=\"widget\" data-widget_type=\"spacer.default\">\n\t\t\t\t<div class=\"elementor-widget-container\">\n\t\t\t\t\t\t\t<div class=\"elementor-spacer\">\n\t\t\t<div class=\"elementor-spacer-inner\"><\/div>\n\t\t<\/div>\n\t\t\t\t\t\t<\/div>\n\t\t\t\t<\/div>\n\t\t\t\t<div class=\"elementor-element elementor-element-51bfc88d elementor-widget elementor-widget-text-editor\" data-id=\"51bfc88d\" data-element_type=\"widget\" data-e-type=\"widget\" data-widget_type=\"text-editor.default\">\n\t\t\t\t<div class=\"elementor-widget-container\">\n\t\t\t\t\t\t\t\t\t<p><\/p>\n<h3 style=\"text-align: center;\"><strong>Plan de digitalizaci\u00f3n de procesos<\/strong><\/h3>\n<p><\/p>\n<blockquote class=\"wp-block-quote is-layout-flow wp-block-quote-is-layout-flow\">\n<p>En el din\u00e1mico escenario actual, la transformaci\u00f3n digital emerge como un pilar fundamental para optimizar y modernizar la gesti\u00f3n p\u00fablica. En este contexto, el Ministerio de Educaci\u00f3n de la provincia de La Rioja se encuentra inmerso en un proceso de evoluci\u00f3n hacia la digitalizaci\u00f3n de sus procesos administrativos y pedag\u00f3gicos. Este plan de digitalizaci\u00f3n de gestiones docentes, concebido bajo los lineamientos estrat\u00e9gicos del gobierno provincial, busca revolucionar la manera en que se llevan a cabo las tareas cotidianas, desde la administraci\u00f3n de legajos y la gesti\u00f3n de licencias hasta la comunicaci\u00f3n con los educadores y la optimizaci\u00f3n de los recursos.<\/p>\n<p>A trav\u00e9s de la implementaci\u00f3n de herramientas de software robustas y adaptadas a las necesidades espec\u00edficas del sector educativo, se persigue una administraci\u00f3n m\u00e1s eficiente, transparente y accesible, que impacte positivamente en la labor de los docentes y, en \u00faltima instancia, en la calidad de la educaci\u00f3n en toda la provincia.<\/p>\n<\/blockquote>\n<p><\/p>\n<p><\/p>\t\t\t\t\t\t\t\t<\/div>\n\t\t\t\t<\/div>\n\t\t\t\t\t<\/div>\n\t\t\t\t<\/div>\n\t\t<div class=\"elementor-element elementor-element-325846ec e-con-full e-flex e-con e-parent\" data-id=\"325846ec\" data-element_type=\"container\" data-e-type=\"container\" data-settings=\"{&quot;background_background&quot;:&quot;classic&quot;}\">\n\t\t<div class=\"elementor-element elementor-element-269dee5d e-con-full e-flex e-con e-child\" data-id=\"269dee5d\" data-element_type=\"container\" data-e-type=\"container\">\n\t\t\t\t<div class=\"elementor-element elementor-element-e72a456 elementor-widget elementor-widget-image\" data-id=\"e72a456\" data-element_type=\"widget\" data-e-type=\"widget\" data-widget_type=\"image.default\">\n\t\t\t\t<div class=\"elementor-widget-container\">\n\t\t\t\t\t\t\t\t\t\t\t\t\t\t\t\t<a href=\"https:\/\/larioja.edu.ar\/index.php\/alfabetizacion\">\n\t\t\t\t\t\t\t<img decoding=\"async\" width=\"270\" height=\"170\" src=\"https:\/\/larioja.edu.ar\/wp-content\/uploads\/2025\/06\/Plan-de-Alfabetizacion-3.png\" class=\"attachment-large size-large wp-image-1841\" alt=\"\" \/>\t\t\t\t\t\t\t\t<\/a>\n\t\t\t\t\t\t\t\t\t\t\t\t\t\t\t<\/div>\n\t\t\t\t<\/div>\n\t\t\t\t<\/div>\n\t\t<div class=\"elementor-element elementor-element-61f68c0 e-con-full e-flex e-con e-child\" data-id=\"61f68c0\" data-element_type=\"container\" data-e-type=\"container\">\n\t\t\t\t<div class=\"elementor-element elementor-element-bc9cf98 elementor-widget elementor-widget-image\" data-id=\"bc9cf98\" data-element_type=\"widget\" data-e-type=\"widget\" data-widget_type=\"image.default\">\n\t\t\t\t<div class=\"elementor-widget-container\">\n\t\t\t\t\t\t\t\t\t\t\t\t\t\t\t\t<a href=\"https:\/\/sage.larioja.edu.ar\/\" target=\"_blank\">\n\t\t\t\t\t\t\t<img decoding=\"async\" width=\"270\" height=\"170\" src=\"https:\/\/larioja.edu.ar\/wp-content\/uploads\/2025\/06\/SAGE-3.png\" class=\"attachment-large size-large wp-image-1842\" alt=\"\" \/>\t\t\t\t\t\t\t\t<\/a>\n\t\t\t\t\t\t\t\t\t\t\t\t\t\t\t<\/div>\n\t\t\t\t<\/div>\n\t\t\t\t<\/div>\n\t\t<div class=\"elementor-element elementor-element-0611688 e-con-full e-flex e-con e-child\" data-id=\"0611688\" data-element_type=\"container\" data-e-type=\"container\">\n\t\t\t\t<div class=\"elementor-element elementor-element-a0ec6c9 elementor-widget elementor-widget-image\" data-id=\"a0ec6c9\" data-element_type=\"widget\" data-e-type=\"widget\" data-widget_type=\"image.default\">\n\t\t\t\t<div class=\"elementor-widget-container\">\n\t\t\t\t\t\t\t\t\t\t\t\t\t\t\t\t<a href=\"https:\/\/juetaeno.ar\/suri.html\" target=\"_blank\">\n\t\t\t\t\t\t\t<img decoding=\"async\" width=\"270\" height=\"170\" src=\"https:\/\/larioja.edu.ar\/wp-content\/uploads\/2025\/06\/SURI-2.png\" class=\"attachment-large size-large wp-image-1843\" alt=\"\" \/>\t\t\t\t\t\t\t\t<\/a>\n\t\t\t\t\t\t\t\t\t\t\t\t\t\t\t<\/div>\n\t\t\t\t<\/div>\n\t\t\t\t<\/div>\n\t\t<div class=\"elementor-element elementor-element-e480b52 e-con-full e-flex e-con e-child\" data-id=\"e480b52\" data-element_type=\"container\" data-e-type=\"container\">\n\t\t\t\t<div class=\"elementor-element elementor-element-56ad357 elementor-widget elementor-widget-image\" data-id=\"56ad357\" data-element_type=\"widget\" data-e-type=\"widget\" data-widget_type=\"image.default\">\n\t\t\t\t<div class=\"elementor-widget-container\">\n\t\t\t\t\t\t\t\t\t\t\t\t\t\t\t\t<a href=\"http:\/\/dirsistemas.larioja.edu.ar\/\" target=\"_blank\">\n\t\t\t\t\t\t\t<img loading=\"lazy\" decoding=\"async\" width=\"270\" height=\"170\" src=\"https:\/\/larioja.edu.ar\/wp-content\/uploads\/2025\/06\/Moodle-2.png\" class=\"attachment-large size-large wp-image-1840\" alt=\"\" \/>\t\t\t\t\t\t\t\t<\/a>\n\t\t\t\t\t\t\t\t\t\t\t\t\t\t\t<\/div>\n\t\t\t\t<\/div>\n\t\t\t\t<\/div>\n\t\t\t\t<\/div>\n\t\t<div class=\"elementor-element elementor-element-e613c11 e-flex e-con-boxed e-con e-parent\" data-id=\"e613c11\" data-element_type=\"container\" data-e-type=\"container\">\n\t\t\t\t\t<div class=\"e-con-inner\">\n\t\t\t\t<div class=\"elementor-element elementor-element-56c4471 elementor-widget elementor-widget-spacer\" data-id=\"56c4471\" data-element_type=\"widget\" data-e-type=\"widget\" data-widget_type=\"spacer.default\">\n\t\t\t\t<div class=\"elementor-widget-container\">\n\t\t\t\t\t\t\t<div class=\"elementor-spacer\">\n\t\t\t<div class=\"elementor-spacer-inner\"><\/div>\n\t\t<\/div>\n\t\t\t\t\t\t<\/div>\n\t\t\t\t<\/div>\n\t\t\t\t\t<\/div>\n\t\t\t\t<\/div>\n\t\t\t\t<\/div>\n\t\t","protected":false},"excerpt":{"rendered":"<p>Plan de digitalizaci\u00f3n de procesos En el din\u00e1mico escenario actual, la transformaci\u00f3n digital emerge como un pilar fundamental para optimizar y modernizar la gesti\u00f3n p\u00fablica. En este contexto, el Ministerio de Educaci\u00f3n de la provincia de La Rioja se encuentra inmerso en un proceso de evoluci\u00f3n hacia la digitalizaci\u00f3n de [&hellip;]<\/p>\n","protected":false},"author":2,"featured_media":0,"parent":0,"menu_order":0,"comment_status":"closed","ping_status":"closed","template":"page-templates\/template-fullwidth.php","meta":{"_themeisle_gutenberg_block_has_review":false,"footnotes":""},"class_list":["post-1626","page","type-page","status-publish","hentry"],"_links":{"self":[{"href":"https:\/\/larioja.edu.ar\/index.php\/wp-json\/wp\/v2\/pages\/1626","targetHints":{"allow":["GET"]}}],"collection":[{"href":"https:\/\/larioja.edu.ar\/index.php\/wp-json\/wp\/v2\/pages"}],"about":[{"href":"https:\/\/larioja.edu.ar\/index.php\/wp-json\/wp\/v2\/types\/page"}],"author":[{"embeddable":true,"href":"https:\/\/larioja.edu.ar\/index.php\/wp-json\/wp\/v2\/users\/2"}],"replies":[{"embeddable":true,"href":"https:\/\/larioja.edu.ar\/index.php\/wp-json\/wp\/v2\/comments?post=1626"}],"version-history":[{"count":70,"href":"https:\/\/larioja.edu.ar\/index.php\/wp-json\/wp\/v2\/pages\/1626\/revisions"}],"predecessor-version":[{"id":1925,"href":"https:\/\/larioja.edu.ar\/index.php\/wp-json\/wp\/v2\/pages\/1626\/revisions\/1925"}],"wp:attachment":[{"href":"https:\/\/larioja.edu.ar\/index.php\/wp-json\/wp\/v2\/media?parent=1626"}],"curies":[{"name":"wp","href":"https:\/\/api.w.org\/{rel}","templated":true}]}}