{"id":1644,"date":"2025-06-13T12:53:09","date_gmt":"2025-06-13T15:53:09","guid":{"rendered":"https:\/\/larioja.edu.ar\/?page_id=1644"},"modified":"2025-06-23T12:44:59","modified_gmt":"2025-06-23T15:44:59","slug":"familia","status":"publish","type":"page","link":"https:\/\/larioja.edu.ar\/index.php\/familia\/","title":{"rendered":"Familia"},"content":{"rendered":"\t\t<div data-elementor-type=\"wp-page\" data-elementor-id=\"1644\" class=\"elementor elementor-1644\" data-elementor-post-type=\"page\">\n\t\t\t\t<div class=\"elementor-element elementor-element-67b5bfc6 e-flex e-con-boxed e-con e-parent\" data-id=\"67b5bfc6\" data-element_type=\"container\" data-e-type=\"container\">\n\t\t\t\t\t<div class=\"e-con-inner\">\n\t\t\t\t<div class=\"elementor-element elementor-element-16de36c elementor-widget elementor-widget-spacer\" data-id=\"16de36c\" data-element_type=\"widget\" data-e-type=\"widget\" data-widget_type=\"spacer.default\">\n\t\t\t\t<div class=\"elementor-widget-container\">\n\t\t\t\t\t\t\t<div class=\"elementor-spacer\">\n\t\t\t<div class=\"elementor-spacer-inner\"><\/div>\n\t\t<\/div>\n\t\t\t\t\t\t<\/div>\n\t\t\t\t<\/div>\n\t\t\t\t<div class=\"elementor-element elementor-element-51bfc88d elementor-widget elementor-widget-text-editor\" data-id=\"51bfc88d\" data-element_type=\"widget\" data-e-type=\"widget\" data-widget_type=\"text-editor.default\">\n\t\t\t\t<div class=\"elementor-widget-container\">\n\t\t\t\t\t\t\t\t\t\n<h3 style=\"text-align: center;\"><strong>La familia y la escuela: un lazo clave para el crecimiento de los ni\u00f1os<\/strong><\/h3>\n\n<blockquote class=\"wp-block-quote is-layout-flow wp-block-quote-is-layout-flow\">\n<p>La educaci\u00f3n de los ni\u00f1os no ocurre \u00fanicamente dentro del aula, sino que es el resultado de un esfuerzo compartido entre la familia, la escuela y la comunidad. La familia es el primer espacio donde los ni\u00f1os aprenden valores, h\u00e1bitos, emociones y formas de relacionarse con el mundo. Es all\u00ed donde se construyen las bases del desarrollo afectivo, social y cognitivo.<\/p>\n<p>La escuela, por su parte, es un lugar fundamental para ampliar esos aprendizajes, brindar herramientas, generar v\u00ednculos saludables y acompa\u00f1ar el crecimiento personal y acad\u00e9mico. Pero este proceso solo puede desarrollarse plenamente cuando existe un trabajo conjunto, respetuoso y comprometido entre ambas partes.<\/p>\n<p>El acompa\u00f1amiento de las instituciones escolares es clave para garantizar una educaci\u00f3n integral. A trav\u00e9s del di\u00e1logo constante con las familias, el seguimiento personalizado y la creaci\u00f3n de entornos seguros e inclusivos, la escuela se convierte en un espacio que no solo ense\u00f1a contenidos, sino que tambi\u00e9n cuida, escucha y gu\u00eda.<\/p>\n<p>Educar es una tarea colectiva. Cuando familia y escuela trabajan unidas, se construye una red s\u00f3lida que sostiene a cada ni\u00f1o y ni\u00f1a en su camino de aprender, crecer y proyectar su futuro.<\/p>\n<p>A trav\u00e9s de la implementaci\u00f3n de herramientas de software robustas y adaptadas a las necesidades espec\u00edficas del sector educativo, se persigue una administraci\u00f3n m\u00e1s eficiente, transparente y accesible, que impacte positivamente en la labor de los docentes y, en \u00faltima instancia, en la calidad de la educaci\u00f3n en toda la provincia.<\/p>\n<\/blockquote>\n\n<p><\/p>\n\t\t\t\t\t\t\t\t<\/div>\n\t\t\t\t<\/div>\n\t\t\t\t\t<\/div>\n\t\t\t\t<\/div>\n\t\t<div class=\"elementor-element elementor-element-e7cd8f4 e-con-full e-flex e-con e-child\" data-id=\"e7cd8f4\" data-element_type=\"container\" data-e-type=\"container\" data-settings=\"{&quot;background_background&quot;:&quot;classic&quot;}\">\n\t\t<div class=\"elementor-element elementor-element-774a2ab e-con-full e-flex e-con e-child\" data-id=\"774a2ab\" data-element_type=\"container\" data-e-type=\"container\">\n\t\t\t\t<div class=\"elementor-element elementor-element-ec8b70f elementor-widget elementor-widget-image\" data-id=\"ec8b70f\" data-element_type=\"widget\" data-e-type=\"widget\" data-widget_type=\"image.default\">\n\t\t\t\t<div class=\"elementor-widget-container\">\n\t\t\t\t\t\t\t\t\t\t\t\t\t\t\t\t<a href=\"https:\/\/portaldepadres.larioja.edu.ar\/auth\/login\" target=\"_blank\">\n\t\t\t\t\t\t\t<img decoding=\"async\" width=\"270\" height=\"170\" src=\"https:\/\/larioja.edu.ar\/wp-content\/uploads\/2025\/06\/portal.png\" class=\"attachment-large size-large wp-image-1850\" alt=\"\" \/>\t\t\t\t\t\t\t\t<\/a>\n\t\t\t\t\t\t\t\t\t\t\t\t\t\t\t<\/div>\n\t\t\t\t<\/div>\n\t\t\t\t<\/div>\n\t\t<div class=\"elementor-element elementor-element-33e7595 e-con-full e-flex e-con e-child\" data-id=\"33e7595\" data-element_type=\"container\" data-e-type=\"container\">\n\t\t\t\t<div class=\"elementor-element elementor-element-dff7ba0 elementor-widget elementor-widget-image\" data-id=\"dff7ba0\" data-element_type=\"widget\" data-e-type=\"widget\" data-widget_type=\"image.default\">\n\t\t\t\t<div class=\"elementor-widget-container\">\n\t\t\t\t\t\t\t\t\t\t\t\t\t\t\t\t<a href=\"https:\/\/certificadosapp.onrender.com\/dashboard\" target=\"_blank\">\n\t\t\t\t\t\t\t<img decoding=\"async\" width=\"270\" height=\"170\" src=\"https:\/\/larioja.edu.ar\/wp-content\/uploads\/2025\/06\/certificados.png\" class=\"attachment-large size-large wp-image-1847\" alt=\"\" \/>\t\t\t\t\t\t\t\t<\/a>\n\t\t\t\t\t\t\t\t\t\t\t\t\t\t\t<\/div>\n\t\t\t\t<\/div>\n\t\t\t\t<\/div>\n\t\t<div class=\"elementor-element elementor-element-4a768b4 e-con-full e-flex e-con e-child\" data-id=\"4a768b4\" data-element_type=\"container\" data-e-type=\"container\">\n\t\t\t\t<div class=\"elementor-element elementor-element-0d092f3 elementor-widget elementor-widget-image\" data-id=\"0d092f3\" data-element_type=\"widget\" data-e-type=\"widget\" data-widget_type=\"image.default\">\n\t\t\t\t<div class=\"elementor-widget-container\">\n\t\t\t\t\t\t\t\t\t\t\t\t\t\t\t<img decoding=\"async\" width=\"270\" height=\"170\" src=\"https:\/\/larioja.edu.ar\/wp-content\/uploads\/2025\/06\/ESI_familia-1.png\" class=\"attachment-large size-large wp-image-1848\" alt=\"\" \/>\t\t\t\t\t\t\t\t\t\t\t\t\t\t\t<\/div>\n\t\t\t\t<\/div>\n\t\t\t\t<\/div>\n\t\t<div class=\"elementor-element elementor-element-390258f e-con-full e-flex e-con e-child\" data-id=\"390258f\" data-element_type=\"container\" data-e-type=\"container\">\n\t\t\t\t<div class=\"elementor-element elementor-element-52d0dcc elementor-widget elementor-widget-image\" data-id=\"52d0dcc\" data-element_type=\"widget\" data-e-type=\"widget\" data-widget_type=\"image.default\">\n\t\t\t\t<div class=\"elementor-widget-container\">\n\t\t\t\t\t\t\t\t\t\t\t\t\t\t\t<img loading=\"lazy\" decoding=\"async\" width=\"270\" height=\"170\" src=\"https:\/\/larioja.edu.ar\/wp-content\/uploads\/2025\/06\/rincon_familiar-2.png\" class=\"attachment-large size-large wp-image-1857\" alt=\"\" \/>\t\t\t\t\t\t\t\t\t\t\t\t\t\t\t<\/div>\n\t\t\t\t<\/div>\n\t\t\t\t<\/div>\n\t\t\t\t<\/div>\n\t\t<div class=\"elementor-element elementor-element-ccc828b e-flex e-con-boxed e-con e-parent\" data-id=\"ccc828b\" data-element_type=\"container\" data-e-type=\"container\">\n\t\t\t\t\t<div class=\"e-con-inner\">\n\t\t\t\t<div class=\"elementor-element elementor-element-205ef74 elementor-widget elementor-widget-spacer\" data-id=\"205ef74\" data-element_type=\"widget\" data-e-type=\"widget\" data-widget_type=\"spacer.default\">\n\t\t\t\t<div class=\"elementor-widget-container\">\n\t\t\t\t\t\t\t<div class=\"elementor-spacer\">\n\t\t\t<div class=\"elementor-spacer-inner\"><\/div>\n\t\t<\/div>\n\t\t\t\t\t\t<\/div>\n\t\t\t\t<\/div>\n\t\t\t\t\t<\/div>\n\t\t\t\t<\/div>\n\t\t\t\t<\/div>\n\t\t","protected":false},"excerpt":{"rendered":"<p>La familia y la escuela: un lazo clave para el crecimiento de los ni\u00f1os La educaci\u00f3n de los ni\u00f1os no ocurre \u00fanicamente dentro del aula, sino que es el resultado de un esfuerzo compartido entre la familia, la escuela y la comunidad. La familia es el primer espacio donde los [&hellip;]<\/p>\n","protected":false},"author":2,"featured_media":0,"parent":0,"menu_order":0,"comment_status":"closed","ping_status":"closed","template":"page-templates\/template-fullwidth.php","meta":{"_themeisle_gutenberg_block_has_review":false,"footnotes":""},"class_list":["post-1644","page","type-page","status-publish","hentry"],"_links":{"self":[{"href":"https:\/\/larioja.edu.ar\/index.php\/wp-json\/wp\/v2\/pages\/1644","targetHints":{"allow":["GET"]}}],"collection":[{"href":"https:\/\/larioja.edu.ar\/index.php\/wp-json\/wp\/v2\/pages"}],"about":[{"href":"https:\/\/larioja.edu.ar\/index.php\/wp-json\/wp\/v2\/types\/page"}],"author":[{"embeddable":true,"href":"https:\/\/larioja.edu.ar\/index.php\/wp-json\/wp\/v2\/users\/2"}],"replies":[{"embeddable":true,"href":"https:\/\/larioja.edu.ar\/index.php\/wp-json\/wp\/v2\/comments?post=1644"}],"version-history":[{"count":28,"href":"https:\/\/larioja.edu.ar\/index.php\/wp-json\/wp\/v2\/pages\/1644\/revisions"}],"predecessor-version":[{"id":1931,"href":"https:\/\/larioja.edu.ar\/index.php\/wp-json\/wp\/v2\/pages\/1644\/revisions\/1931"}],"wp:attachment":[{"href":"https:\/\/larioja.edu.ar\/index.php\/wp-json\/wp\/v2\/media?parent=1644"}],"curies":[{"name":"wp","href":"https:\/\/api.w.org\/{rel}","templated":true}]}}