{"id":1646,"date":"2025-06-13T12:52:51","date_gmt":"2025-06-13T15:52:51","guid":{"rendered":"https:\/\/larioja.edu.ar\/?page_id=1646"},"modified":"2025-06-23T12:45:33","modified_gmt":"2025-06-23T15:45:33","slug":"escuela","status":"publish","type":"page","link":"https:\/\/larioja.edu.ar\/index.php\/escuela\/","title":{"rendered":"Escuela"},"content":{"rendered":"\t\t<div data-elementor-type=\"wp-page\" data-elementor-id=\"1646\" class=\"elementor elementor-1646\" data-elementor-post-type=\"page\">\n\t\t\t\t<div class=\"elementor-element elementor-element-67b5bfc6 e-flex e-con-boxed e-con e-parent\" data-id=\"67b5bfc6\" data-element_type=\"container\" data-e-type=\"container\">\n\t\t\t\t\t<div class=\"e-con-inner\">\n\t\t\t\t<div class=\"elementor-element elementor-element-0fa4d8c elementor-widget elementor-widget-spacer\" data-id=\"0fa4d8c\" data-element_type=\"widget\" data-e-type=\"widget\" data-widget_type=\"spacer.default\">\n\t\t\t\t<div class=\"elementor-widget-container\">\n\t\t\t\t\t\t\t<div class=\"elementor-spacer\">\n\t\t\t<div class=\"elementor-spacer-inner\"><\/div>\n\t\t<\/div>\n\t\t\t\t\t\t<\/div>\n\t\t\t\t<\/div>\n\t\t\t\t<div class=\"elementor-element elementor-element-51bfc88d elementor-widget elementor-widget-text-editor\" data-id=\"51bfc88d\" data-element_type=\"widget\" data-e-type=\"widget\" data-widget_type=\"text-editor.default\">\n\t\t\t\t<div class=\"elementor-widget-container\">\n\t\t\t\t\t\t\t\t\t\n<h3 style=\"text-align: center;\"><strong>Programa provincial de robotica<\/strong><\/h3>\n\n<blockquote class=\"wp-block-quote is-layout-flow wp-block-quote-is-layout-flow\">\n<p>Esta iniciativa acerca a las y los estudiantes al mundo de la ciencia, la programaci\u00f3n y la tecnolog\u00eda, brind\u00e1ndoles herramientas claves para su formaci\u00f3n y futuro, aprendiendo con rob\u00f3tica en el aula, guiados por docentes capacitados.<\/p>\n<p><\/p>\n<\/blockquote>\n\n<p><\/p>\n\t\t\t\t\t\t\t\t<\/div>\n\t\t\t\t<\/div>\n\t\t\t\t\t<\/div>\n\t\t\t\t<\/div>\n\t\t<div class=\"elementor-element elementor-element-5dcb5fe e-con-full e-flex e-con e-child\" data-id=\"5dcb5fe\" data-element_type=\"container\" data-e-type=\"container\" data-settings=\"{&quot;background_background&quot;:&quot;classic&quot;}\">\n\t\t<div class=\"elementor-element elementor-element-125648f e-con-full e-flex e-con e-child\" data-id=\"125648f\" data-element_type=\"container\" data-e-type=\"container\">\n\t\t\t\t<div class=\"elementor-element elementor-element-09c08c8 elementor-widget elementor-widget-image\" data-id=\"09c08c8\" data-element_type=\"widget\" data-e-type=\"widget\" data-widget_type=\"image.default\">\n\t\t\t\t<div class=\"elementor-widget-container\">\n\t\t\t\t\t\t\t\t\t\t\t\t\t\t\t\t<a href=\"https:\/\/www.facebook.com\/Nucleolr\/\" target=\"_blank\">\n\t\t\t\t\t\t\t<img decoding=\"async\" width=\"270\" height=\"170\" src=\"https:\/\/larioja.edu.ar\/wp-content\/uploads\/2025\/06\/nucleo_del_conocimiento.png\" class=\"attachment-large size-large wp-image-1725\" alt=\"\" \/>\t\t\t\t\t\t\t\t<\/a>\n\t\t\t\t\t\t\t\t\t\t\t\t\t\t\t<\/div>\n\t\t\t\t<\/div>\n\t\t\t\t<\/div>\n\t\t<div class=\"elementor-element elementor-element-f814f3c e-con-full e-flex e-con e-child\" data-id=\"f814f3c\" data-element_type=\"container\" data-e-type=\"container\">\n\t\t\t\t<div class=\"elementor-element elementor-element-e506782 elementor-widget elementor-widget-image\" data-id=\"e506782\" data-element_type=\"widget\" data-e-type=\"widget\" data-widget_type=\"image.default\">\n\t\t\t\t<div class=\"elementor-widget-container\">\n\t\t\t\t\t\t\t\t\t\t\t\t\t\t\t\t<a href=\"https:\/\/tuescuela.larioja.edu.ar\/\" target=\"_blank\">\n\t\t\t\t\t\t\t<img decoding=\"async\" width=\"270\" height=\"170\" src=\"https:\/\/larioja.edu.ar\/wp-content\/uploads\/2025\/06\/tu_escuela.png\" class=\"attachment-large size-large wp-image-1723\" alt=\"\" \/>\t\t\t\t\t\t\t\t<\/a>\n\t\t\t\t\t\t\t\t\t\t\t\t\t\t\t<\/div>\n\t\t\t\t<\/div>\n\t\t\t\t<\/div>\n\t\t<div class=\"elementor-element elementor-element-0513983 e-con-full e-flex e-con e-child\" data-id=\"0513983\" data-element_type=\"container\" data-e-type=\"container\">\n\t\t\t\t<div class=\"elementor-element elementor-element-431b854 elementor-widget elementor-widget-image\" data-id=\"431b854\" data-element_type=\"widget\" data-e-type=\"widget\" data-widget_type=\"image.default\">\n\t\t\t\t<div class=\"elementor-widget-container\">\n\t\t\t\t\t\t\t\t\t\t\t\t\t\t\t<img decoding=\"async\" width=\"270\" height=\"170\" src=\"https:\/\/larioja.edu.ar\/wp-content\/uploads\/2025\/06\/kit_robotica-1.png\" class=\"attachment-large size-large wp-image-1861\" alt=\"\" \/>\t\t\t\t\t\t\t\t\t\t\t\t\t\t\t<\/div>\n\t\t\t\t<\/div>\n\t\t\t\t<\/div>\n\t\t<div class=\"elementor-element elementor-element-66b9de4 e-con-full e-flex e-con e-child\" data-id=\"66b9de4\" data-element_type=\"container\" data-e-type=\"container\">\n\t\t\t\t<div class=\"elementor-element elementor-element-6328b48 elementor-widget elementor-widget-image\" data-id=\"6328b48\" data-element_type=\"widget\" data-e-type=\"widget\" data-widget_type=\"image.default\">\n\t\t\t\t<div class=\"elementor-widget-container\">\n\t\t\t\t\t\t\t\t\t\t\t\t\t\t\t<img loading=\"lazy\" decoding=\"async\" width=\"270\" height=\"170\" src=\"https:\/\/larioja.edu.ar\/wp-content\/uploads\/2025\/06\/recursos_robotica-1.png\" class=\"attachment-large size-large wp-image-1862\" alt=\"\" \/>\t\t\t\t\t\t\t\t\t\t\t\t\t\t\t<\/div>\n\t\t\t\t<\/div>\n\t\t\t\t<\/div>\n\t\t\t\t<\/div>\n\t\t<div class=\"elementor-element elementor-element-b607c81 e-flex e-con-boxed e-con e-parent\" data-id=\"b607c81\" data-element_type=\"container\" data-e-type=\"container\">\n\t\t\t\t\t<div class=\"e-con-inner\">\n\t\t\t\t<div class=\"elementor-element elementor-element-a543cea elementor-widget elementor-widget-spacer\" data-id=\"a543cea\" data-element_type=\"widget\" data-e-type=\"widget\" data-widget_type=\"spacer.default\">\n\t\t\t\t<div class=\"elementor-widget-container\">\n\t\t\t\t\t\t\t<div class=\"elementor-spacer\">\n\t\t\t<div class=\"elementor-spacer-inner\"><\/div>\n\t\t<\/div>\n\t\t\t\t\t\t<\/div>\n\t\t\t\t<\/div>\n\t\t\t\t\t<\/div>\n\t\t\t\t<\/div>\n\t\t\t\t<\/div>\n\t\t","protected":false},"excerpt":{"rendered":"<p>Programa provincial de robotica Esta iniciativa acerca a las y los estudiantes al mundo de la ciencia, la programaci\u00f3n y la tecnolog\u00eda, brind\u00e1ndoles herramientas claves para su formaci\u00f3n y futuro, aprendiendo con rob\u00f3tica en el aula, guiados por docentes capacitados.<\/p>\n","protected":false},"author":2,"featured_media":0,"parent":0,"menu_order":0,"comment_status":"closed","ping_status":"closed","template":"page-templates\/template-fullwidth.php","meta":{"_themeisle_gutenberg_block_has_review":false,"footnotes":""},"class_list":["post-1646","page","type-page","status-publish","hentry"],"_links":{"self":[{"href":"https:\/\/larioja.edu.ar\/index.php\/wp-json\/wp\/v2\/pages\/1646","targetHints":{"allow":["GET"]}}],"collection":[{"href":"https:\/\/larioja.edu.ar\/index.php\/wp-json\/wp\/v2\/pages"}],"about":[{"href":"https:\/\/larioja.edu.ar\/index.php\/wp-json\/wp\/v2\/types\/page"}],"author":[{"embeddable":true,"href":"https:\/\/larioja.edu.ar\/index.php\/wp-json\/wp\/v2\/users\/2"}],"replies":[{"embeddable":true,"href":"https:\/\/larioja.edu.ar\/index.php\/wp-json\/wp\/v2\/comments?post=1646"}],"version-history":[{"count":25,"href":"https:\/\/larioja.edu.ar\/index.php\/wp-json\/wp\/v2\/pages\/1646\/revisions"}],"predecessor-version":[{"id":1934,"href":"https:\/\/larioja.edu.ar\/index.php\/wp-json\/wp\/v2\/pages\/1646\/revisions\/1934"}],"wp:attachment":[{"href":"https:\/\/larioja.edu.ar\/index.php\/wp-json\/wp\/v2\/media?parent=1646"}],"curies":[{"name":"wp","href":"https:\/\/api.w.org\/{rel}","templated":true}]}}