{"id":1866,"date":"2025-06-23T10:50:56","date_gmt":"2025-06-23T13:50:56","guid":{"rendered":"https:\/\/larioja.edu.ar\/?page_id=1866"},"modified":"2025-06-23T12:48:36","modified_gmt":"2025-06-23T15:48:36","slug":"alfabetizacion","status":"publish","type":"page","link":"https:\/\/larioja.edu.ar\/index.php\/alfabetizacion\/","title":{"rendered":"Alfabetizacion"},"content":{"rendered":"\t\t<div data-elementor-type=\"wp-page\" data-elementor-id=\"1866\" class=\"elementor elementor-1866\" data-elementor-post-type=\"page\">\n\t\t\t\t<div class=\"elementor-element elementor-element-69ae3322 e-flex e-con-boxed e-con e-parent\" data-id=\"69ae3322\" data-element_type=\"container\" data-e-type=\"container\">\n\t\t\t\t\t<div class=\"e-con-inner\">\n\t\t\t\t<div class=\"elementor-element elementor-element-a739229 elementor-widget elementor-widget-spacer\" data-id=\"a739229\" data-element_type=\"widget\" data-e-type=\"widget\" data-widget_type=\"spacer.default\">\n\t\t\t\t<div class=\"elementor-widget-container\">\n\t\t\t\t\t\t\t<div class=\"elementor-spacer\">\n\t\t\t<div class=\"elementor-spacer-inner\"><\/div>\n\t\t<\/div>\n\t\t\t\t\t\t<\/div>\n\t\t\t\t<\/div>\n\t\t\t\t<div class=\"elementor-element elementor-element-38ca6f3b elementor-widget elementor-widget-text-editor\" data-id=\"38ca6f3b\" data-element_type=\"widget\" data-e-type=\"widget\" data-widget_type=\"text-editor.default\">\n\t\t\t\t<div class=\"elementor-widget-container\">\n\t\t\t\t\t\t\t\t\t\n<blockquote class=\"wp-block-quote\">\n<p><br \/>El Plan Educativo Provincial Rosario Vera Pe\u00f1aloza, en La Rioja, es una iniciativa que busca fortalecer la educaci\u00f3n p\u00fablica y la alfabetizaci\u00f3n de los estudiantes riojanos. Se centra en el desarrollo de habilidades de lectura, escritura y matem\u00e1ticas en todos los niveles educativos, desde el nivel inicial hasta el superior.<\/p>\n<\/blockquote>\n<p style=\"text-align: center;\">Para ello se enfoca en varios aspectos:<\/p>\n\t\t\t\t\t\t\t\t<\/div>\n\t\t\t\t<\/div>\n\t\t\t\t\t<\/div>\n\t\t\t\t<\/div>\n\t\t<div class=\"elementor-element elementor-element-7b2a015 e-con-full e-flex e-con e-parent\" data-id=\"7b2a015\" data-element_type=\"container\" data-e-type=\"container\" data-settings=\"{&quot;background_background&quot;:&quot;classic&quot;}\">\n\t\t<div class=\"elementor-element elementor-element-946f3e e-con-full e-flex e-con e-child\" data-id=\"946f3e\" data-element_type=\"container\" data-e-type=\"container\">\n\t\t\t\t<div class=\"elementor-element elementor-element-dc9c300 elementor-widget elementor-widget-text-editor\" data-id=\"dc9c300\" data-element_type=\"widget\" data-e-type=\"widget\" data-widget_type=\"text-editor.default\">\n\t\t\t\t<div class=\"elementor-widget-container\">\n\t\t\t\t\t\t\t\t\t<p><em><span style=\"color: #41ad40;\">Fortalecimiento de la alfabetizaci\u00f3n<\/span><\/em><br \/>El objetivo principal es garantizar que todos los estudiantes riojanos adquieran las habilidades necesarias para leer y escribir correctamente.<\/p>\n<p><em><span style=\"color: #41ad40;\">Innovaci\u00f3n pedag\u00f3gica y tecnol\u00f3gica<\/span><\/em><br \/>Se busca implementar nuevas metodolog\u00edas y tecnolog\u00edas para mejorar el proceso de ense\u00f1anza-aprendizaje.<\/p>\n<p><em><span style=\"color: #41ad40;\">Gesti\u00f3n y organizaci\u00f3n de las instituciones educativas<\/span><\/em><br \/>Se trabaja en la optimizaci\u00f3n de la gesti\u00f3n y organizaci\u00f3n de las escuelas para que sean m\u00e1s eficientes y eficaces.<\/p>\t\t\t\t\t\t\t\t<\/div>\n\t\t\t\t<\/div>\n\t\t\t\t<\/div>\n\t\t<div class=\"elementor-element elementor-element-46c6b78f e-con-full e-flex e-con e-child\" data-id=\"46c6b78f\" data-element_type=\"container\" data-e-type=\"container\">\n\t\t\t\t<div class=\"elementor-element elementor-element-7e917d08 elementor-widget elementor-widget-image\" data-id=\"7e917d08\" data-element_type=\"widget\" data-e-type=\"widget\" data-widget_type=\"image.default\">\n\t\t\t\t<div class=\"elementor-widget-container\">\n\t\t\t\t\t\t\t\t\t\t\t\t\t\t\t<img fetchpriority=\"high\" decoding=\"async\" width=\"750\" height=\"421\" src=\"https:\/\/larioja.edu.ar\/wp-content\/uploads\/2025\/06\/plan_alfabetizacion.jpeg\" class=\"attachment-large size-large wp-image-1876\" alt=\"\" srcset=\"https:\/\/larioja.edu.ar\/wp-content\/uploads\/2025\/06\/plan_alfabetizacion.jpeg 1000w, https:\/\/larioja.edu.ar\/wp-content\/uploads\/2025\/06\/plan_alfabetizacion-300x168.jpeg 300w, https:\/\/larioja.edu.ar\/wp-content\/uploads\/2025\/06\/plan_alfabetizacion-768x431.jpeg 768w\" sizes=\"(max-width: 750px) 100vw, 750px\" \/>\t\t\t\t\t\t\t\t\t\t\t\t\t\t\t<\/div>\n\t\t\t\t<\/div>\n\t\t\t\t<\/div>\n\t\t\t\t<\/div>\n\t\t<div class=\"elementor-element elementor-element-3acb1181 e-con-full e-flex e-con e-parent\" data-id=\"3acb1181\" data-element_type=\"container\" data-e-type=\"container\" data-settings=\"{&quot;background_background&quot;:&quot;classic&quot;}\">\n\t\t<div class=\"elementor-element elementor-element-78573317 e-con-full e-flex e-con e-child\" data-id=\"78573317\" data-element_type=\"container\" data-e-type=\"container\">\n\t\t\t\t<div class=\"elementor-element elementor-element-69739d8b elementor-widget elementor-widget-text-editor\" data-id=\"69739d8b\" data-element_type=\"widget\" data-e-type=\"widget\" data-widget_type=\"text-editor.default\">\n\t\t\t\t<div class=\"elementor-widget-container\">\n\t\t\t\t\t\t\t\t\t<p><em><span style=\"color: #41ad40;\">Articulaci\u00f3n de los procesos de ense\u00f1anza, aprendizaje y evaluaci\u00f3n<\/span><\/em><br \/>Se busca una mayor coherencia y articulaci\u00f3n entre los diferentes componentes del proceso educativo.<\/p>\n<p><em><span style=\"color: #41ad40;\">Mejora de las pol\u00edticas de igualdad e inclusi\u00f3n<\/span><\/em><br \/>Se promueve la equidad y la inclusi\u00f3n para que todos los estudiantes tengan las mismas oportunidades.<\/p>\t\t\t\t\t\t\t\t<\/div>\n\t\t\t\t<\/div>\n\t\t\t\t<\/div>\n\t\t<div class=\"elementor-element elementor-element-55ee1d3a e-con-full e-flex e-con e-child\" data-id=\"55ee1d3a\" data-element_type=\"container\" data-e-type=\"container\">\n\t\t\t\t<div class=\"elementor-element elementor-element-18c5bd8e elementor-widget elementor-widget-image\" data-id=\"18c5bd8e\" data-element_type=\"widget\" data-e-type=\"widget\" data-widget_type=\"image.default\">\n\t\t\t\t<div class=\"elementor-widget-container\">\n\t\t\t\t\t\t\t\t\t\t\t\t\t\t\t<img decoding=\"async\" width=\"750\" height=\"422\" src=\"https:\/\/larioja.edu.ar\/wp-content\/uploads\/2025\/06\/plan_alfabetizacion2.jpeg\" class=\"attachment-large size-large wp-image-1875\" alt=\"\" srcset=\"https:\/\/larioja.edu.ar\/wp-content\/uploads\/2025\/06\/plan_alfabetizacion2.jpeg 960w, https:\/\/larioja.edu.ar\/wp-content\/uploads\/2025\/06\/plan_alfabetizacion2-300x169.jpeg 300w, https:\/\/larioja.edu.ar\/wp-content\/uploads\/2025\/06\/plan_alfabetizacion2-768x432.jpeg 768w\" sizes=\"(max-width: 750px) 100vw, 750px\" \/>\t\t\t\t\t\t\t\t\t\t\t\t\t\t\t<\/div>\n\t\t\t\t<\/div>\n\t\t\t\t<\/div>\n\t\t\t\t<\/div>\n\t\t<div class=\"elementor-element elementor-element-bd66d0b e-con-full e-flex e-con e-parent\" data-id=\"bd66d0b\" data-element_type=\"container\" data-e-type=\"container\" data-settings=\"{&quot;background_background&quot;:&quot;classic&quot;}\">\n\t\t<div class=\"elementor-element elementor-element-1bf787d0 e-con-full e-flex e-con e-child\" data-id=\"1bf787d0\" data-element_type=\"container\" data-e-type=\"container\">\n\t\t\t\t<div class=\"elementor-element elementor-element-72a9194b elementor-widget elementor-widget-text-editor\" data-id=\"72a9194b\" data-element_type=\"widget\" data-e-type=\"widget\" data-widget_type=\"text-editor.default\">\n\t\t\t\t<div class=\"elementor-widget-container\">\n\t\t\t\t\t\t\t\t\t<p><em><span style=\"color: #41ad40;\">Alfabetizaci\u00f3n digital e innovaci\u00f3n tecnol\u00f3gica<\/span><\/em><br \/>Se busca capacitar a los estudiantes y docentes en el uso de las tecnolog\u00edas digitales para el aprendizaje.<\/p>\n<p><em><span style=\"color: #41ad40;\">Revisi\u00f3n y actualizaci\u00f3n de leyes educativas<\/span><\/em><br \/>Se busca adaptar la legislaci\u00f3n educativa a las necesidades de la sociedad actual.<\/p>\t\t\t\t\t\t\t\t<\/div>\n\t\t\t\t<\/div>\n\t\t\t\t<\/div>\n\t\t<div class=\"elementor-element elementor-element-7cfd84df e-con-full e-flex e-con e-child\" data-id=\"7cfd84df\" data-element_type=\"container\" data-e-type=\"container\">\n\t\t\t\t<div class=\"elementor-element elementor-element-5155098f elementor-widget elementor-widget-image\" data-id=\"5155098f\" data-element_type=\"widget\" data-e-type=\"widget\" data-widget_type=\"image.default\">\n\t\t\t\t<div class=\"elementor-widget-container\">\n\t\t\t\t\t\t\t\t\t\t\t\t\t\t\t<img decoding=\"async\" width=\"750\" height=\"500\" src=\"https:\/\/larioja.edu.ar\/wp-content\/uploads\/2025\/06\/plan_alfabetizacion3-1024x683.jpeg\" class=\"attachment-large size-large wp-image-1877\" alt=\"\" srcset=\"https:\/\/larioja.edu.ar\/wp-content\/uploads\/2025\/06\/plan_alfabetizacion3-1024x683.jpeg 1024w, https:\/\/larioja.edu.ar\/wp-content\/uploads\/2025\/06\/plan_alfabetizacion3-300x200.jpeg 300w, https:\/\/larioja.edu.ar\/wp-content\/uploads\/2025\/06\/plan_alfabetizacion3-768x512.jpeg 768w, https:\/\/larioja.edu.ar\/wp-content\/uploads\/2025\/06\/plan_alfabetizacion3-360x240.jpeg 360w, https:\/\/larioja.edu.ar\/wp-content\/uploads\/2025\/06\/plan_alfabetizacion3.jpeg 1280w\" sizes=\"(max-width: 750px) 100vw, 750px\" \/>\t\t\t\t\t\t\t\t\t\t\t\t\t\t\t<\/div>\n\t\t\t\t<\/div>\n\t\t\t\t<\/div>\n\t\t\t\t<\/div>\n\t\t<div class=\"elementor-element elementor-element-4450ff5 e-flex e-con-boxed e-con e-parent\" data-id=\"4450ff5\" data-element_type=\"container\" data-e-type=\"container\">\n\t\t\t\t\t<div class=\"e-con-inner\">\n\t\t\t\t<div class=\"elementor-element elementor-element-31416b9 elementor-widget elementor-widget-text-editor\" data-id=\"31416b9\" data-element_type=\"widget\" data-e-type=\"widget\" data-widget_type=\"text-editor.default\">\n\t\t\t\t<div class=\"elementor-widget-container\">\n\t\t\t\t\t\t\t\t\t<p>En resumen, el Plan Provincial Rosario Vera Pe\u00f1aloza busca transformar la escuela riojana, haci\u00e9ndola m\u00e1s desafiante y pertinente para la realidad de los estudiantes, promoviendo la innovaci\u00f3n pedag\u00f3gica y tecnol\u00f3gica, y fortaleciendo la alfabetizaci\u00f3n y la inclusi\u00f3n educativa.<\/p>\t\t\t\t\t\t\t\t<\/div>\n\t\t\t\t<\/div>\n\t\t\t\t\t<\/div>\n\t\t\t\t<\/div>\n\t\t<div class=\"elementor-element elementor-element-b34ab4a e-flex e-con-boxed e-con e-parent\" data-id=\"b34ab4a\" data-element_type=\"container\" data-e-type=\"container\">\n\t\t\t\t\t<div class=\"e-con-inner\">\n\t\t\t\t<div class=\"elementor-element elementor-element-b994b5f elementor-view-default elementor-position-block-start elementor-mobile-position-block-start elementor-widget elementor-widget-icon-box\" data-id=\"b994b5f\" data-element_type=\"widget\" data-e-type=\"widget\" data-widget_type=\"icon-box.default\">\n\t\t\t\t<div class=\"elementor-widget-container\">\n\t\t\t\t\t\t\t<div class=\"elementor-icon-box-wrapper\">\n\n\t\t\t\t\t\t<div class=\"elementor-icon-box-icon\">\n\t\t\t\t<a href=\"https:\/\/larioja.edu.ar\/wp-content\/uploads\/2025\/06\/resol.-0057-plan-educativo-provincial-rosario-vera-penaloza-1.pdf\" target=\"_blank\" class=\"elementor-icon\" tabindex=\"-1\" aria-label=\"Normativa disponible para descargar\">\n\t\t\t\t<svg aria-hidden=\"true\" class=\"e-font-icon-svg e-fas-cloud-download-alt\" viewBox=\"0 0 640 512\" xmlns=\"http:\/\/www.w3.org\/2000\/svg\"><path d=\"M537.6 226.6c4.1-10.7 6.4-22.4 6.4-34.6 0-53-43-96-96-96-19.7 0-38.1 6-53.3 16.2C367 64.2 315.3 32 256 32c-88.4 0-160 71.6-160 160 0 2.7.1 5.4.2 8.1C40.2 219.8 0 273.2 0 336c0 79.5 64.5 144 144 144h368c70.7 0 128-57.3 128-128 0-61.9-44-113.6-102.4-125.4zm-132.9 88.7L299.3 420.7c-6.2 6.2-16.4 6.2-22.6 0L171.3 315.3c-10.1-10.1-2.9-27.3 11.3-27.3H248V176c0-8.8 7.2-16 16-16h48c8.8 0 16 7.2 16 16v112h65.4c14.2 0 21.4 17.2 11.3 27.3z\"><\/path><\/svg>\t\t\t\t<\/a>\n\t\t\t<\/div>\n\t\t\t\n\t\t\t\t\t\t<div class=\"elementor-icon-box-content\">\n\n\t\t\t\t\t\t\t\t\t<p class=\"elementor-icon-box-title\">\n\t\t\t\t\t\t<a href=\"https:\/\/larioja.edu.ar\/wp-content\/uploads\/2025\/06\/resol.-0057-plan-educativo-provincial-rosario-vera-penaloza-1.pdf\" target=\"_blank\" >\n\t\t\t\t\t\t\tNormativa disponible para descargar\t\t\t\t\t\t<\/a>\n\t\t\t\t\t<\/p>\n\t\t\t\t\n\t\t\t\t\n\t\t\t<\/div>\n\t\t\t\n\t\t<\/div>\n\t\t\t\t\t\t<\/div>\n\t\t\t\t<\/div>\n\t\t\t\t<div class=\"elementor-element elementor-element-66c309b elementor-widget elementor-widget-spacer\" data-id=\"66c309b\" data-element_type=\"widget\" data-e-type=\"widget\" data-widget_type=\"spacer.default\">\n\t\t\t\t<div class=\"elementor-widget-container\">\n\t\t\t\t\t\t\t<div class=\"elementor-spacer\">\n\t\t\t<div class=\"elementor-spacer-inner\"><\/div>\n\t\t<\/div>\n\t\t\t\t\t\t<\/div>\n\t\t\t\t<\/div>\n\t\t\t\t\t<\/div>\n\t\t\t\t<\/div>\n\t\t\t\t<\/div>\n\t\t","protected":false},"excerpt":{"rendered":"<p>El Plan Educativo Provincial Rosario Vera Pe\u00f1aloza, en La Rioja, es una iniciativa que busca fortalecer la educaci\u00f3n p\u00fablica y la alfabetizaci\u00f3n de los estudiantes riojanos. Se centra en el desarrollo de habilidades de lectura, escritura y matem\u00e1ticas en todos los niveles educativos, desde el nivel inicial hasta el superior. [&hellip;]<\/p>\n","protected":false},"author":2,"featured_media":0,"parent":0,"menu_order":0,"comment_status":"closed","ping_status":"closed","template":"page-templates\/template-fullwidth.php","meta":{"_themeisle_gutenberg_block_has_review":false,"footnotes":""},"class_list":["post-1866","page","type-page","status-publish","hentry"],"_links":{"self":[{"href":"https:\/\/larioja.edu.ar\/index.php\/wp-json\/wp\/v2\/pages\/1866","targetHints":{"allow":["GET"]}}],"collection":[{"href":"https:\/\/larioja.edu.ar\/index.php\/wp-json\/wp\/v2\/pages"}],"about":[{"href":"https:\/\/larioja.edu.ar\/index.php\/wp-json\/wp\/v2\/types\/page"}],"author":[{"embeddable":true,"href":"https:\/\/larioja.edu.ar\/index.php\/wp-json\/wp\/v2\/users\/2"}],"replies":[{"embeddable":true,"href":"https:\/\/larioja.edu.ar\/index.php\/wp-json\/wp\/v2\/comments?post=1866"}],"version-history":[{"count":37,"href":"https:\/\/larioja.edu.ar\/index.php\/wp-json\/wp\/v2\/pages\/1866\/revisions"}],"predecessor-version":[{"id":1937,"href":"https:\/\/larioja.edu.ar\/index.php\/wp-json\/wp\/v2\/pages\/1866\/revisions\/1937"}],"wp:attachment":[{"href":"https:\/\/larioja.edu.ar\/index.php\/wp-json\/wp\/v2\/media?parent=1866"}],"curies":[{"name":"wp","href":"https:\/\/api.w.org\/{rel}","templated":true}]}}